{"id":2269,"date":"2023-09-10T09:37:00","date_gmt":"2023-09-10T02:37:00","guid":{"rendered":"https:\/\/lmsdn.fpt.edu.vn\/hd\/?page_id=2269"},"modified":"2025-10-09T09:00:56","modified_gmt":"2025-10-09T02:00:56","slug":"about","status":"publish","type":"page","link":"https:\/\/lmsdn.fpt.edu.vn\/hd\/about\/","title":{"rendered":"Ph\u00f2ng C\u00f4ng ngh\u1ec7 th\u00f4ng tin"},"content":{"rendered":"\n<p><\/p>\n\n\n\n<p>Ph\u00f2ng 1004, t\u00f2a nh\u00e0 Alpha, FPT University \u0110\u00e0 N\u1eb5ng<\/p>\n\n\n\n<p>V\u1ecb tr\u00ed h\u1ed7 tr\u1ee3 C\u00f4ng ngh\u1ec7 th\u00f4ng tin: T\u1ea1i th\u01b0 vi\u1ec7n (t\u1ea7ng 1 nh\u00e0 Gamma)<\/p>\n\n\n\n<p>Email: it.fudn@fpt.edu.vn<\/p>\n\n\n\n<p>Website h\u1ed7 tr\u1ee3 C\u00f4ng ngh\u1ec7 th\u00f4ng tin: IT Support Page:&nbsp;<a href=\"https:\/\/lmsdn.fpt.edu.vn\/hd\" target=\"_blank\" rel=\"noreferrer noopener\">https:\/\/lmsdn.fpt.edu.vn\/hd<\/a>,&nbsp;<strong>with live support chatbox<\/strong>!<\/p>\n","protected":false},"excerpt":{"rendered":"<p>Ph\u00f2ng 1004, t\u00f2a nh\u00e0 Alpha, FPT University \u0110\u00e0 N\u1eb5ng V\u1ecb tr\u00ed h\u1ed7 tr\u1ee3 C\u00f4ng ngh\u1ec7 th\u00f4ng tin: T\u1ea1i th\u01b0 vi\u1ec7n (t\u1ea7ng 1 nh\u00e0 Gamma) Email: it.fudn@fpt.edu.vn Website h\u1ed7 tr\u1ee3 C\u00f4ng ngh\u1ec7 th\u00f4ng tin: IT Support Page:&nbsp;https:\/\/lmsdn.fpt.edu.vn\/hd,&nbsp;with live support chatbox!<\/p>\n","protected":false},"author":1,"featured_media":8,"parent":0,"menu_order":0,"comment_status":"closed","ping_status":"closed","template":"","meta":{"footnotes":""},"class_list":["post-2269","page","type-page","status-publish","has-post-thumbnail","czr-hentry"],"_links":{"self":[{"href":"https:\/\/lmsdn.fpt.edu.vn\/hd\/wp-json\/wp\/v2\/pages\/2269","targetHints":{"allow":["GET"]}}],"collection":[{"href":"https:\/\/lmsdn.fpt.edu.vn\/hd\/wp-json\/wp\/v2\/pages"}],"about":[{"href":"https:\/\/lmsdn.fpt.edu.vn\/hd\/wp-json\/wp\/v2\/types\/page"}],"author":[{"embeddable":true,"href":"https:\/\/lmsdn.fpt.edu.vn\/hd\/wp-json\/wp\/v2\/users\/1"}],"replies":[{"embeddable":true,"href":"https:\/\/lmsdn.fpt.edu.vn\/hd\/wp-json\/wp\/v2\/comments?post=2269"}],"version-history":[{"count":4,"href":"https:\/\/lmsdn.fpt.edu.vn\/hd\/wp-json\/wp\/v2\/pages\/2269\/revisions"}],"predecessor-version":[{"id":2279,"href":"https:\/\/lmsdn.fpt.edu.vn\/hd\/wp-json\/wp\/v2\/pages\/2269\/revisions\/2279"}],"wp:featuredmedia":[{"embeddable":true,"href":"https:\/\/lmsdn.fpt.edu.vn\/hd\/wp-json\/wp\/v2\/media\/8"}],"wp:attachment":[{"href":"https:\/\/lmsdn.fpt.edu.vn\/hd\/wp-json\/wp\/v2\/media?parent=2269"}],"curies":[{"name":"wp","href":"https:\/\/api.w.org\/{rel}","templated":true}]}}